{"id":3449,"date":"2023-10-03T01:15:29","date_gmt":"2023-10-02T23:15:29","guid":{"rendered":"https:\/\/questhunter.hu\/nyugat\/?page_id=3449"},"modified":"2023-10-08T14:19:41","modified_gmt":"2023-10-08T12:19:41","slug":"prepare-sledges-2023","status":"publish","type":"page","link":"https:\/\/questhunter.hu\/nyugat\/gift-card\/prepare-sledges-2023\/","title":{"rendered":"K\u00e9sz\u00fclj az idei sz\u00e1nk\u00f3z\u00e1sra!"},"content":{"rendered":"<p>A ny\u00e1rnak v\u00e9ge, \u00e9s hamarosan nyakunkon a t\u00e9l. Ez azt jelenti, hogy itt az ideje, hogy gondoljon <strong>kar\u00e1csonyi aj\u00e1nd\u00e9kokra<\/strong> amivel csal\u00e1dtagjaidat, bar\u00e1taidat megleped!<br \/>\nAzoknak, akik el\u0151re k\u00e9sz\u00fclnek az aj\u00e1nd\u00e9kokkal, itt a QuestHuntern\u00e9l seg\u00edt\u00fcnk \u00e9rt\u00e9kesebb\u00e9 \u00e9s felejthetetlenebb\u00e9 tenni az \u00e9lm\u00e9nyt!<\/p>\n<p><strong>K\u00fcl\u00f6nleges aj\u00e1nlat<\/strong><br \/>\nV\u00e1s\u00e1roljon <strong>kar\u00e1csonyi<\/strong> aj\u00e1nd\u00e9kk\u00e1rty\u00e1t online <strong>2023. okt\u00f3ber 1. \u00e9s okt\u00f3ber 9.<\/strong> k\u00f6z\u00f6tt \u00e9s<br \/>\n<strong>+30%-ot<\/strong> adunk az utalv\u00e1ny \u00e9rt\u00e9k\u00e9hez az \u00e9rv\u00e9nyess\u00e9get pedig <strong>+3 h\u00f3nap<\/strong> meghosszabb\u00edtjuk.<\/p>\n<p><strong>\u00cdgy tudsz \u00e9lni a lehet\u0151s\u00e9ggel<\/strong>:<br \/>\n1. Kattintson az \u201eAj\u00e1nd\u00e9kk\u00e1rtya v\u00e1s\u00e1rl\u00e1sa\u201d , \u00e9s k\u00f6vesse a linket<br \/>\n2. V\u00e1lassz a kar\u00e1csonyi megjelen\u00e9st<br \/>\n3. T\u00f6ltse ki az \u0171rlapot, \u00e9s fizesse ki az aj\u00e1nd\u00e9kutalv\u00e1nyt<br \/>\n4. Meghosszabb\u00edtott aj\u00e1nd\u00e9kutalv\u00e1nyt a megadott &#8211;mail c\u00edmre tov\u00e1bb\u00edtjuk<br \/>\n5. Adja \u00e1t a meglepet\u00e9st bar\u00e1tj\u00e1nak, szerett\u00e9nek<br \/>\n6. A Megaj\u00e1nd\u00e9kozott az utalv\u00e1ny \u00e9rv\u00e9nyess\u00e9ge alatt : 2024.01.01 \u2013 2024.09.30. v\u00e1laszthat a j\u00e1t\u00e9kok sokas\u00e1g\u00e1b\u00f3l!<\/p>\n<p><a class=\"btn-yellow\" href=\"https:\/\/questhunter.hu\/nyugat\/purchase-gift-card\/\">V\u00c1S\u00c1ROLJON MOST<\/a><\/p>","protected":false},"excerpt":{"rendered":"<p>A ny\u00e1rnak v\u00e9ge, \u00e9s hamarosan nyakunkon a t\u00e9l. Ez azt jelenti, hogy itt az ideje, hogy gondoljon kar\u00e1csonyi aj\u00e1nd\u00e9kokra amivel csal\u00e1dtagjaidat, bar\u00e1taidat megleped! Azoknak, akik el\u0151re k\u00e9sz\u00fclnek az aj\u00e1nd\u00e9kokkal, itt a QuestHuntern\u00e9l seg\u00edt\u00fcnk \u00e9rt\u00e9kesebb\u00e9 \u00e9s felejthetetlenebb\u00e9 tenni az \u00e9lm\u00e9nyt! K\u00fcl\u00f6nleges aj\u00e1nlat V\u00e1s\u00e1roljon kar\u00e1csonyi aj\u00e1nd\u00e9kk\u00e1rty\u00e1t online 2023. okt\u00f3ber 1. \u00e9s okt\u00f3ber 9. k\u00f6z\u00f6tt \u00e9s +30%-ot adunk [&hellip;]<\/p>\n","protected":false},"author":50,"featured_media":0,"parent":266,"menu_order":0,"comment_status":"closed","ping_status":"closed","template":"","meta":{"footnotes":""},"_links":{"self":[{"href":"https:\/\/questhunter.hu\/nyugat\/wp-json\/wp\/v2\/pages\/3449"}],"collection":[{"href":"https:\/\/questhunter.hu\/nyugat\/wp-json\/wp\/v2\/pages"}],"about":[{"href":"https:\/\/questhunter.hu\/nyugat\/wp-json\/wp\/v2\/types\/page"}],"author":[{"embeddable":true,"href":"https:\/\/questhunter.hu\/nyugat\/wp-json\/wp\/v2\/users\/50"}],"replies":[{"embeddable":true,"href":"https:\/\/questhunter.hu\/nyugat\/wp-json\/wp\/v2\/comments?post=3449"}],"version-history":[{"count":3,"href":"https:\/\/questhunter.hu\/nyugat\/wp-json\/wp\/v2\/pages\/3449\/revisions"}],"predecessor-version":[{"id":3454,"href":"https:\/\/questhunter.hu\/nyugat\/wp-json\/wp\/v2\/pages\/3449\/revisions\/3454"}],"up":[{"embeddable":true,"href":"https:\/\/questhunter.hu\/nyugat\/wp-json\/wp\/v2\/pages\/266"}],"wp:attachment":[{"href":"https:\/\/questhunter.hu\/nyugat\/wp-json\/wp\/v2\/media?parent=3449"}],"curies":[{"name":"wp","href":"https:\/\/api.w.org\/{rel}","templated":true}]}}