{"id":266,"date":"2015-04-10T22:54:16","date_gmt":"2015-04-10T18:54:16","guid":{"rendered":"https:\/\/questhunter.hu\/?page_id=266"},"modified":"2025-12-12T12:26:32","modified_gmt":"2025-12-12T11:26:32","slug":"gift-card","status":"publish","type":"page","link":"https:\/\/questhunter.hu\/nyugat\/gift-card\/","title":{"rendered":"Aj\u00e1nd\u00e9kutalv\u00e1ny"},"content":{"rendered":"<p>Szeretn\u00e9l szabadul\u00f3 szob\u00e1s \u00e9lm\u00e9nyt aj\u00e1nd\u00e9kozni? De nem vagy benne biztos milyen j\u00e1t\u00e9kot kellene v\u00e1lasztanod?<\/p>\n<p>Ez\u00e9rt javasoljuk aj\u00e1nd\u00e9kutalv\u00e1nyunkat amely lehet\u0151s\u00e9get ny\u00fajt\u00a0<a href=\"\/nyugat\/all-escape-rooms-of-nyugat\/\"><strong>Nyugat b\u00e1rmely szabadul\u00f3szob\u00e1j\u00e1nak<\/strong><\/a> felkeres\u00e9s\u00e9re az \u00e9rv\u00e9nyess\u00e9gi id\u0151n bel\u00fcl (k\u00fcl\u00f6nb\u00f6z\u0151 \u00e9rt\u00e9k\u0171 utalv\u00e1nyok kaphatok)!<\/p>\n<h2><span style=\"color: #ff0000;\">Kar\u00e1csonyi<\/span> aj\u00e1nd\u00e9kutalv\u00e1nyok<\/h2>\n<h3>Budapest legt\u00f6bb szabadul\u00f3szob\u00e1j\u00e1ba<\/h3>\n<h3><strong>m\u00e1r kaphat\u00f3k!<\/strong><\/h3>\n<p>Ne hagyja ki a lehet\u0151s\u00e9get, \u00e9s id\u0151ben v\u00e1s\u00e1rolja meg szeretteinek a kar\u00e1csonyi \u00e9lm\u00e9nyt!<\/p>\n<p><a class=\"btn-yellow\" href=\"\/nyugat\/purchase-gift-card\/\">V\u00c1S\u00c1ROLJON MOST<\/a><\/p>\n<p><!--\n\n\n<h2 style=\"text-align: center;\">Figyelt\u00fcnk \u00e9s ennek megfelel\u0151 k\u00f6nt\u00f6sbe \u00f6lt\u00f6ztett\u00fck az utalv\u00e1nyt!<\/h2>\n\n\n\n\n<h2 align=\"centre\"><a href=\"\/purchase-gift-card\/\"><strong>Itt<\/strong><\/a><a href=\"\/purchase-gift-card\/\"><img decoding=\"async\" class=\"alignnone size-medium wp-image-2728\" src=\"https:\/\/questhunter.hu\/wp-content\/uploads\/sites\/4\/2019\/03\/rabbit-149x300.png\" alt=\"Easter bunny\" width=\"149\" height=\"300\" \/><\/a><\/h2>\n\n\n--><\/p>\n<p><img decoding=\"async\" class=\"aligncenter wp-image-2866\" src=\"https:\/\/questhunter.hu\/wp-content\/uploads\/sites\/31\/2021\/02\/gift-card-1.jpg\" alt=\"Aj\u00e1nd\u00e9kutalv\u00e1ny szabadul\u00f3szoba\" width=\"300\" height=\"300\" srcset=\"https:\/\/questhunter.hu\/wp-content\/uploads\/sites\/31\/2021\/02\/gift-card-1.jpg 2019w, https:\/\/questhunter.hu\/wp-content\/uploads\/sites\/31\/2021\/02\/gift-card-1-45x45.jpg 45w, https:\/\/questhunter.hu\/wp-content\/uploads\/sites\/31\/2021\/02\/gift-card-1-124x124.jpg 124w, https:\/\/questhunter.hu\/wp-content\/uploads\/sites\/31\/2021\/02\/gift-card-1-419x418.jpg 419w, https:\/\/questhunter.hu\/wp-content\/uploads\/sites\/31\/2021\/02\/gift-card-1-150x150.jpg 150w\" sizes=\"(max-width: 300px) 100vw, 300px\" \/>\u00a0 <img decoding=\"async\" class=\"aligncenter wp-image-2860\" style=\"vertical-align: middle;\" src=\"https:\/\/questhunter.hu\/wp-content\/uploads\/sites\/4\/2020\/10\/0hu.jpg\" alt=\"QuestHunter gift card Christmas\" width=\"300\" height=\"241\" \/> <img decoding=\"async\" class=\"aligncenter wp-image-2867\" src=\"https:\/\/questhunter.hu\/wp-content\/uploads\/sites\/31\/2021\/02\/gift-card-3-scaled.jpg\" alt=\"Aj\u00e1nd\u00e9kutalv\u00e1ny szabadul\u00f3szoba\" width=\"300\" height=\"300\" srcset=\"https:\/\/questhunter.hu\/wp-content\/uploads\/sites\/31\/2021\/02\/gift-card-3-scaled.jpg 2560w, https:\/\/questhunter.hu\/wp-content\/uploads\/sites\/31\/2021\/02\/gift-card-3-45x45.jpg 45w, https:\/\/questhunter.hu\/wp-content\/uploads\/sites\/31\/2021\/02\/gift-card-3-124x124.jpg 124w, https:\/\/questhunter.hu\/wp-content\/uploads\/sites\/31\/2021\/02\/gift-card-3-419x418.jpg 419w, https:\/\/questhunter.hu\/wp-content\/uploads\/sites\/31\/2021\/02\/gift-card-3-150x150.jpg 150w\" sizes=\"(max-width: 300px) 100vw, 300px\" \/><\/p>\n<table width=\"100%\">\n<tbody>\n<tr>\n<td width=\"10%\"><\/td>\n<td>\n<h2>Klasszikus aj\u00e1nd\u00e9k utalv\u00e1ny<\/h2>\n<h2><strong>15000 HUF<\/strong><\/h2>\n<p align=\"centre\"><strong>\u00e9rv\u00e9nyes egy j\u00e1t\u00e9kra<\/strong><\/p>\n<p>&nbsp;<\/p>\n<p>15000 Forintig fedezi a j\u00e1t\u00e9k \u00e1r\u00e1t, ha k\u00e9s\u0151bb t\u00f6bben lesztek vagy dr\u00e1g\u00e1bb j\u00e1t\u00e9kot szeretn\u00e9l ig\u00e9nybe venni, akkor a k\u00fcl\u00f6nb\u00f6zetet a helysz\u00ednen k\u00e9szp\u00e9nzzel rendezheted!<\/p>\n<p style=\"text-align: center;\"><a class=\"btn-yellow\" href=\"\/nyugat\/purchase-gift-card\/\">V\u00c1S\u00c1ROLJON MOST<\/a><\/p>\n<\/td>\n<td width=\"5%\"><\/td>\n<td>\n<h2>Elektronikus aj\u00e1nd\u00e9k utalv\u00e1ny<\/h2>\n<p><strong>10000 HUF-t\u00f3l &#8211; 100.000 HUF-ig<\/strong><\/p>\n<p><strong>V\u00e1lassza ki az \u00e9rt\u00e9ket!<\/strong><\/p>\n<p>a v\u00e1lasztott \u00f6sszegig valamennyi QuestHunter szob\u00e1ra \u00e9rv\u00e9nyes, t\u00f6bb alkalommal is felhaszn\u00e1lhat\u00f3!<\/p>\n<p>Az \u00f6sszeget \u00d6n hat\u00e1rozza meg, az utal\u00e1s be\u00e9rkez\u00e9s\u00e9t k\u00f6vet\u0151en azonnal k\u00fcldj\u00fck \u00d6nnek!<\/p>\n<p style=\"text-align: center;\" align=\"centre\"><a class=\"btn-yellow\" href=\"\/nyugat\/purchase-gift-card\/\">V\u00c1S\u00c1ROLJON MOST<\/a><\/p>\n<\/td>\n<td width=\"5%\"><\/td>\n<td>\n<h2>Klasszikus aj\u00e1nd\u00e9k utalv\u00e1ny<\/h2>\n<h2><strong>25000 HUF<\/strong><\/h2>\n<p align=\"centre\"><strong>Felhaszn\u00e1lhat\u00f3 t\u00f6bb szob\u00e1ban is<\/strong><\/p>\n<p>&nbsp;<\/p>\n<p>25.000 forintig fedezi a j\u00e1t\u00e9kok \u00e1r\u00e1t ha k\u00e9s\u0151bb t\u00f6bben lesztek vagy dr\u00e1g\u00e1bb j\u00e1t\u00e9kot szeretn\u00e9l ig\u00e9nybe venni, akkor a k\u00fcl\u00f6nb\u00f6zetet a helysz\u00ednen k\u00e9szp\u00e9nzzel rendezheted!<\/p>\n<p style=\"text-align: center;\" align=\"centre\"><a class=\"btn-yellow\" href=\"\/nyugat\/purchase-gift-card\/\">V\u00c1S\u00c1ROLJON MOST<\/a><\/p>\n<\/td>\n<td width=\"10%\"><\/td>\n<\/tr>\n<\/tbody>\n<\/table>\n<h2>Holt tudom megvenni az aj\u00e1nd\u00e9kutalv\u00e1nyunkat?<\/h2>\n<p>Lehets\u00e9ges a pap\u00edralap\u00fa aj\u00e1nd\u00e9kutalv\u00e1nyok szem\u00e9lyes \u00e1tv\u00e9tele partner\u00fcnkn\u00e9l a lentebbi c\u00edmen, <strong>el\u0151zetes telefonos vagy email-es egyeztet\u00e9s sz\u00fcks\u00e9ges<\/strong><\/p>\n<p>Az aj\u00e1nd\u00e9k utalv\u00e1nyok <strong>6 h\u00f3napig \u00e9rv\u00e9nyesek<\/strong><\/p>\n<p>Megrendelheti telefonon <a href=\"tel:+3615507695\"><strong>+36 1 550 7695<\/strong><\/a> vagy emailen a <strong>support-nyugat@questhunter.hu<\/strong> el\u00e9rhat\u0151s\u00e9geken<\/p>\n<p>&nbsp;<\/p>","protected":false},"excerpt":{"rendered":"<p>Szeretn\u00e9l szabadul\u00f3 szob\u00e1s \u00e9lm\u00e9nyt aj\u00e1nd\u00e9kozni? De nem vagy benne biztos milyen j\u00e1t\u00e9kot kellene v\u00e1lasztanod? Ez\u00e9rt javasoljuk aj\u00e1nd\u00e9kutalv\u00e1nyunkat amely lehet\u0151s\u00e9get ny\u00fajt\u00a0Nyugat b\u00e1rmely szabadul\u00f3szob\u00e1j\u00e1nak felkeres\u00e9s\u00e9re az \u00e9rv\u00e9nyess\u00e9gi id\u0151n bel\u00fcl (k\u00fcl\u00f6nb\u00f6z\u0151 \u00e9rt\u00e9k\u0171 utalv\u00e1nyok kaphatok)! Kar\u00e1csonyi aj\u00e1nd\u00e9kutalv\u00e1nyok Budapest legt\u00f6bb szabadul\u00f3szob\u00e1j\u00e1ba m\u00e1r kaphat\u00f3k! Ne hagyja ki a lehet\u0151s\u00e9get, \u00e9s id\u0151ben v\u00e1s\u00e1rolja meg szeretteinek a kar\u00e1csonyi \u00e9lm\u00e9nyt! V\u00c1S\u00c1ROLJON MOST \u00a0 Klasszikus [&hellip;]<\/p>\n","protected":false},"author":50,"featured_media":0,"parent":0,"menu_order":7,"comment_status":"open","ping_status":"open","template":"template-gift-certificate.php","meta":{"footnotes":""},"_links":{"self":[{"href":"https:\/\/questhunter.hu\/nyugat\/wp-json\/wp\/v2\/pages\/266"}],"collection":[{"href":"https:\/\/questhunter.hu\/nyugat\/wp-json\/wp\/v2\/pages"}],"about":[{"href":"https:\/\/questhunter.hu\/nyugat\/wp-json\/wp\/v2\/types\/page"}],"author":[{"embeddable":true,"href":"https:\/\/questhunter.hu\/nyugat\/wp-json\/wp\/v2\/users\/50"}],"replies":[{"embeddable":true,"href":"https:\/\/questhunter.hu\/nyugat\/wp-json\/wp\/v2\/comments?post=266"}],"version-history":[{"count":16,"href":"https:\/\/questhunter.hu\/nyugat\/wp-json\/wp\/v2\/pages\/266\/revisions"}],"predecessor-version":[{"id":3955,"href":"https:\/\/questhunter.hu\/nyugat\/wp-json\/wp\/v2\/pages\/266\/revisions\/3955"}],"wp:attachment":[{"href":"https:\/\/questhunter.hu\/nyugat\/wp-json\/wp\/v2\/media?parent=266"}],"curies":[{"name":"wp","href":"https:\/\/api.w.org\/{rel}","templated":true}]}}