{"id":3424,"date":"2023-08-24T03:49:07","date_gmt":"2023-08-24T01:49:07","guid":{"rendered":"https:\/\/questhunter.hu\/nyugat\/gift-card\/prolong\/"},"modified":"2023-08-24T03:49:07","modified_gmt":"2023-08-24T01:49:07","slug":"prolong","status":"publish","type":"page","link":"https:\/\/questhunter.hu\/nyugat\/en\/gift-card\/prolong\/","title":{"rendered":"Aj\u00e1nd\u00e9kutalv\u00e1ny Meg\u00faj\u00edt\u00e1sa"},"content":{"rendered":"","protected":false},"excerpt":{"rendered":"","protected":false},"author":1,"featured_media":0,"parent":266,"menu_order":0,"comment_status":"closed","ping_status":"closed","template":"template-prolong-certificate.php","meta":{"footnotes":""},"_links":{"self":[{"href":"https:\/\/questhunter.hu\/nyugat\/en\/wp-json\/wp\/v2\/pages\/3424"}],"collection":[{"href":"https:\/\/questhunter.hu\/nyugat\/en\/wp-json\/wp\/v2\/pages"}],"about":[{"href":"https:\/\/questhunter.hu\/nyugat\/en\/wp-json\/wp\/v2\/types\/page"}],"author":[{"embeddable":true,"href":"https:\/\/questhunter.hu\/nyugat\/en\/wp-json\/wp\/v2\/users\/1"}],"replies":[{"embeddable":true,"href":"https:\/\/questhunter.hu\/nyugat\/en\/wp-json\/wp\/v2\/comments?post=3424"}],"version-history":[{"count":0,"href":"https:\/\/questhunter.hu\/nyugat\/en\/wp-json\/wp\/v2\/pages\/3424\/revisions"}],"up":[{"embeddable":true,"href":"https:\/\/questhunter.hu\/nyugat\/en\/wp-json\/wp\/v2\/pages\/266"}],"wp:attachment":[{"href":"https:\/\/questhunter.hu\/nyugat\/en\/wp-json\/wp\/v2\/media?parent=3424"}],"curies":[{"name":"wp","href":"https:\/\/api.w.org\/{rel}","templated":true}]}}