{"id":2843,"date":"2020-12-12T19:17:01","date_gmt":"2020-12-12T18:17:01","guid":{"rendered":"https:\/\/questhunter.hu\/nyugat\/?page_id=2843"},"modified":"2023-10-03T01:11:41","modified_gmt":"2023-10-02T23:11:41","slug":"ajandekutalvany-black-week","status":"publish","type":"page","link":"https:\/\/questhunter.hu\/nyugat\/en\/gift-card\/ajandekutalvany-black-week\/","title":{"rendered":"Aj\u00e1nd\u00e9kutalv\u00e1ny Black Week"},"content":{"rendered":"<p>Black Friday? Felejtsd el, ez a m\u00falt! QuestHunter\u00a0nagyszer\u0171\u00a0lehet\u0151s\u00e9get\u00a0k\u00edn\u00e1l egy h\u00e9ten \u00e1t\u00a0kar\u00e1csonyi\u00a0aj\u00e1nd\u00e9kk\u00e9nt gyermekeidnek, bar\u00e1taidnak. Black Week!<\/p>\n<p><strong>Mit kapsz!?<\/strong><\/p>\n<p>V\u00e1s\u00e1rolj egy QuestHunter aj\u00e1nd\u00e9kutalv\u00e1nyt <strong>2020.12.08. \u00e9s 2020.12.14.<\/strong> k\u00f6z\u00f6tt \u00e9s mi <strong>10%<\/strong>-al\u00a0 megnevelj\u00fck a\u00a0 v\u00e1s\u00e1rl\u00e1si\u00a0\u00f6sszegedet! R\u00e1ad\u00e1sul az ezen a h\u00e9ten v\u00e1s\u00e1rolt utalv\u00e1nyok a szok\u00e1sos 3 h\u00f3nap helyett <strong>7 h\u00f3napig \u00e9rv\u00e9nyesek<\/strong>.<\/p>\n<p>&nbsp;<\/p>\n<p><strong>Hogy tudsz r\u00e9sz venni!<\/strong><\/p>\n<p>1. Kattints a &#8220;v\u00e1s\u00e1rolj most&#8221; men\u00fcpontra<\/p>\n<p>2. T\u00f6ltsd ki a nyomtatv\u00e1nyt<\/p>\n<p>3. Add meg az utalv\u00e1ny \u00e9rt\u00e9k\u00e9t(min.:7000HUF max. 70.000HUF)<\/p>\n<p>4. Fizesd ki online<\/p>\n<p>5. \u00c9rv\u00e9nyess\u00e9gi id\u0151n bel\u00fcl haszn\u00e1ld fel utalv\u00e1nyod<\/p>\n<p><a href=\"https:\/\/questhunter.hu\/nyugat\/purchase-gift-card\/\"><img decoding=\"async\" class=\"alignleft wp-image-3120 size-full\" src=\"https:\/\/questhunter.hu\/wp-content\/uploads\/sites\/4\/2019\/11\/knopka_hu.jpg\" alt=\"\" width=\"256\" height=\"43\" \/><\/a><\/p>\n","protected":false},"excerpt":{"rendered":"<p>Black Friday? Felejtsd el, ez a m\u00falt! QuestHunter\u00a0nagyszer\u0171\u00a0lehet\u0151s\u00e9get\u00a0k\u00edn\u00e1l egy h\u00e9ten \u00e1t\u00a0kar\u00e1csonyi\u00a0aj\u00e1nd\u00e9kk\u00e9nt gyermekeidnek, bar\u00e1taidnak. Black Week! Mit kapsz!? V\u00e1s\u00e1rolj egy QuestHunter aj\u00e1nd\u00e9kutalv\u00e1nyt 2020.12.08. \u00e9s 2020.12.14. k\u00f6z\u00f6tt \u00e9s mi 10%-al\u00a0 megnevelj\u00fck a\u00a0 v\u00e1s\u00e1rl\u00e1si\u00a0\u00f6sszegedet! R\u00e1ad\u00e1sul az ezen a h\u00e9ten v\u00e1s\u00e1rolt utalv\u00e1nyok a szok\u00e1sos 3 h\u00f3nap helyett 7 h\u00f3napig \u00e9rv\u00e9nyesek. &nbsp; Hogy tudsz r\u00e9sz venni! 1. Kattints a &#8220;v\u00e1s\u00e1rolj [&hellip;]<\/p>\n","protected":false},"author":50,"featured_media":0,"parent":266,"menu_order":0,"comment_status":"closed","ping_status":"closed","template":"","meta":{"footnotes":""},"_links":{"self":[{"href":"https:\/\/questhunter.hu\/nyugat\/en\/wp-json\/wp\/v2\/pages\/2843"}],"collection":[{"href":"https:\/\/questhunter.hu\/nyugat\/en\/wp-json\/wp\/v2\/pages"}],"about":[{"href":"https:\/\/questhunter.hu\/nyugat\/en\/wp-json\/wp\/v2\/types\/page"}],"author":[{"embeddable":true,"href":"https:\/\/questhunter.hu\/nyugat\/en\/wp-json\/wp\/v2\/users\/50"}],"replies":[{"embeddable":true,"href":"https:\/\/questhunter.hu\/nyugat\/en\/wp-json\/wp\/v2\/comments?post=2843"}],"version-history":[{"count":2,"href":"https:\/\/questhunter.hu\/nyugat\/en\/wp-json\/wp\/v2\/pages\/2843\/revisions"}],"predecessor-version":[{"id":2845,"href":"https:\/\/questhunter.hu\/nyugat\/en\/wp-json\/wp\/v2\/pages\/2843\/revisions\/2845"}],"up":[{"embeddable":true,"href":"https:\/\/questhunter.hu\/nyugat\/en\/wp-json\/wp\/v2\/pages\/266"}],"wp:attachment":[{"href":"https:\/\/questhunter.hu\/nyugat\/en\/wp-json\/wp\/v2\/media?parent=2843"}],"curies":[{"name":"wp","href":"https:\/\/api.w.org\/{rel}","templated":true}]}}