{"id":266,"date":"2015-04-10T22:54:16","date_gmt":"2015-04-10T18:54:16","guid":{"rendered":"https:\/\/questhunter.hu\/?page_id=266"},"modified":"2025-12-12T12:26:32","modified_gmt":"2025-12-12T11:26:32","slug":"gift-card","status":"publish","type":"page","link":"https:\/\/questhunter.hu\/nyugat\/en\/gift-card\/","title":{"rendered":"Gift card"},"content":{"rendered":"<p>Want to offer an escape room experience as a present but worried about choosing the right one?<\/p>\n<p>In this case, you can purchase a QuestHunter gift card which is valid for any of the <a href=\"\/nyugat\/en\/all-escape-rooms-of-nyugat\/\"><strong>escape rooms in Western Hungary<\/strong><\/a>\u00a0at any time (certificates have different denominations)!<\/p>\n<p>&nbsp;<\/p>\n<h2><span style=\"color: #ff0000;\">Christmas<\/span> Gift Vouchers<\/h2>\n<h3>are already available!<\/h3>\n<p>Don&#8217;t miss the opportunity and buy the Christmas experience for your loved ones in time!<\/p>\n<p><a class=\"btn-yellow\" href=\"\/nyugat\/en\/purchase-gift-card\/\">BUY NOW<\/a><\/p>\n<p><!--\n\n\n<h2 style=\"text-align: center;\">Special Easter edition available<\/h2>\n\n\n\n\n<h2 align=\"centre\"><a href=\"\/en\/purchase-gift-card\/\"><strong>HERE<\/strong><img decoding=\"async\" class=\"alignnone size-medium wp-image-2728\" src=\"https:\/\/questhunter.hu\/wp-content\/uploads\/sites\/4\/2019\/03\/rabbit-149x300.png\" alt=\"Easter bunny\" width=\"149\" height=\"300\" \/><\/a><\/h2>\n\n\n--><\/p>\n<p><img decoding=\"async\" class=\"aligncenter wp-image-2866\" src=\"https:\/\/questhunter.hu\/wp-content\/uploads\/sites\/31\/2021\/02\/gift-card-1.jpg\" alt=\"Aj\u00e1nd\u00e9kutalv\u00e1ny szabadul\u00f3szoba\" width=\"300\" height=\"300\" srcset=\"https:\/\/questhunter.hu\/wp-content\/uploads\/sites\/31\/2021\/02\/gift-card-1.jpg 2019w, https:\/\/questhunter.hu\/wp-content\/uploads\/sites\/31\/2021\/02\/gift-card-1-45x45.jpg 45w, https:\/\/questhunter.hu\/wp-content\/uploads\/sites\/31\/2021\/02\/gift-card-1-124x124.jpg 124w, https:\/\/questhunter.hu\/wp-content\/uploads\/sites\/31\/2021\/02\/gift-card-1-419x418.jpg 419w, https:\/\/questhunter.hu\/wp-content\/uploads\/sites\/31\/2021\/02\/gift-card-1-150x150.jpg 150w\" sizes=\"(max-width: 300px) 100vw, 300px\" \/>\u00a0 <img decoding=\"async\" class=\"aligncenter wp-image-2859\" style=\"vertical-align: middle;\" src=\"https:\/\/questhunter.hu\/wp-content\/uploads\/sites\/4\/2020\/10\/0hu.jpg\" alt=\"QuestHunter gift card Christmas\" width=\"300\" height=\"241\" \/>\u00a0 <img decoding=\"async\" class=\"aligncenter wp-image-2867\" src=\"https:\/\/questhunter.hu\/wp-content\/uploads\/sites\/31\/2021\/02\/gift-card-3-scaled.jpg\" alt=\"Aj\u00e1nd\u00e9kutalv\u00e1ny szabadul\u00f3szoba\" width=\"300\" height=\"300\" srcset=\"https:\/\/questhunter.hu\/wp-content\/uploads\/sites\/31\/2021\/02\/gift-card-3-scaled.jpg 2560w, https:\/\/questhunter.hu\/wp-content\/uploads\/sites\/31\/2021\/02\/gift-card-3-45x45.jpg 45w, https:\/\/questhunter.hu\/wp-content\/uploads\/sites\/31\/2021\/02\/gift-card-3-124x124.jpg 124w, https:\/\/questhunter.hu\/wp-content\/uploads\/sites\/31\/2021\/02\/gift-card-3-419x418.jpg 419w, https:\/\/questhunter.hu\/wp-content\/uploads\/sites\/31\/2021\/02\/gift-card-3-150x150.jpg 150w\" sizes=\"(max-width: 300px) 100vw, 300px\" \/><\/p>\n<table width=\"100%\">\n<tbody>\n<tr>\n<td width=\"10%\"><\/td>\n<td>\n<h2>CLASSIC GIFT CARDS<\/h2>\n<h2>\u00a0<strong>15000 HUF<\/strong><\/h2>\n<p align=\"centre\"><strong>valid for ONE escape room game<br \/>\n<\/strong><\/p>\n<p>valid for an escape room priced up to 15 000 HUF.<\/p>\n<p>If you want to increase the number of team members and you are happy to pay extra, you can settle this during the booking process and pay on your arrival.<\/p>\n<p style=\"text-align: center;\"><a class=\"btn-yellow\" href=\"\/balaton\/en\/purchase-gift-card\/\">BUY NOW<\/a><\/p>\n<\/td>\n<td width=\"5%\"><\/td>\n<td>\n<h2>Electronic GIFT CARDS<\/h2>\n<p><strong>From 10 000 HUF to 100 000 HUF<\/strong><\/p>\n<p><strong>Choose denomination yourself<\/strong><\/p>\n<p>valid for any escape room at QuestHunter priced up to the denomination value.<\/p>\n<p>You can choose the denomination of the gift card yourself, pay online and get it in a few minutes.<\/p>\n<p style=\"text-align: center;\" align=\"centre\"><a class=\"btn-yellow\" href=\"\/balaton\/en\/purchase-gift-card\/\">BUY NOW<\/a><\/p>\n<\/td>\n<td width=\"5%\"><\/td>\n<td>\n<h2>CLASSIC GIFT CARDS<\/h2>\n<h2><strong>25000 HUF<\/strong><\/h2>\n<p align=\"centre\"><strong>valid for a few escape room games<br \/>\n<\/strong><\/p>\n<p>valid for escape rooms priced up to 15000 HUF as well as rooms priced up to 25000 HUF.<\/p>\n<p>If you want to increase the number of team members and you are happy to pay extra, you can settle this during the booking process and pay on your arrival.<\/p>\n<p style=\"text-align: center;\" align=\"centre\"><a class=\"btn-yellow\" href=\"\/balaton\/en\/purchase-gift-card\/\">BUY NOW<\/a><\/p>\n<\/td>\n<td width=\"10%\"><\/td>\n<\/tr>\n<\/tbody>\n<\/table>\n<h2>WHERE TO BUY OUR GIFT CERTIFICATES<\/h2>\n<p>Customers can also collect a pre-paid gift cards at our partners\u2019 offices at the following address, but only <strong>upon prior confirmation via phone or email<\/strong><\/p>\n<p>All our gift cards are <strong>valid for 6 months<\/strong><\/p>\n<p>Place an order by phone call <a href=\"tel:+3615507695\"><strong>+36 1 5507695<\/strong><\/a> or via e-mail <strong>support-nyugat@questhunter.hu<\/strong><\/p>\n<p>&nbsp;<\/p>","protected":false},"excerpt":{"rendered":"<p>Want to offer an escape room experience as a present but worried about choosing the right one? In this case, you can purchase a QuestHunter gift card which is valid for any of the escape rooms in Western Hungary\u00a0at any time (certificates have different denominations)! &nbsp; Christmas Gift Vouchers are already available! Don&#8217;t miss the [&hellip;]<\/p>\n","protected":false},"author":50,"featured_media":0,"parent":0,"menu_order":7,"comment_status":"open","ping_status":"open","template":"template-gift-certificate.php","meta":{"footnotes":""},"_links":{"self":[{"href":"https:\/\/questhunter.hu\/nyugat\/en\/wp-json\/wp\/v2\/pages\/266"}],"collection":[{"href":"https:\/\/questhunter.hu\/nyugat\/en\/wp-json\/wp\/v2\/pages"}],"about":[{"href":"https:\/\/questhunter.hu\/nyugat\/en\/wp-json\/wp\/v2\/types\/page"}],"author":[{"embeddable":true,"href":"https:\/\/questhunter.hu\/nyugat\/en\/wp-json\/wp\/v2\/users\/50"}],"replies":[{"embeddable":true,"href":"https:\/\/questhunter.hu\/nyugat\/en\/wp-json\/wp\/v2\/comments?post=266"}],"version-history":[{"count":16,"href":"https:\/\/questhunter.hu\/nyugat\/en\/wp-json\/wp\/v2\/pages\/266\/revisions"}],"predecessor-version":[{"id":3955,"href":"https:\/\/questhunter.hu\/nyugat\/en\/wp-json\/wp\/v2\/pages\/266\/revisions\/3955"}],"wp:attachment":[{"href":"https:\/\/questhunter.hu\/nyugat\/en\/wp-json\/wp\/v2\/media?parent=266"}],"curies":[{"name":"wp","href":"https:\/\/api.w.org\/{rel}","templated":true}]}}