{"id":2925,"date":"2022-11-28T16:14:17","date_gmt":"2022-11-28T15:14:17","guid":{"rendered":"https:\/\/questhunter.hu\/kelet\/?page_id=2925"},"modified":"2023-10-03T01:08:53","modified_gmt":"2023-10-02T23:08:53","slug":"black-week-2022","status":"publish","type":"page","link":"https:\/\/questhunter.hu\/kelet\/gift-card\/black-week-2022\/","title":{"rendered":"Black Week"},"content":{"rendered":"<p>Black Friday? Felejtsd el, ez a m\u00falt! QuestHunter\u00a0nagyszer\u0171\u00a0lehet\u0151s\u00e9get\u00a0k\u00edn\u00e1l egy h\u00e9ten \u00e1t\u00a0kar\u00e1csonyi\u00a0aj\u00e1nd\u00e9kk\u00e9nt gyermekeidnek, bar\u00e1taidnak. Black Week!<\/p>\n<h2>Mit kapsz!?<\/h2>\n<p>V\u00e1s\u00e1rolj egy QuestHunter <strong>kar\u00e1csonyi aj\u00e1nd\u00e9kutalv\u00e1nyt<\/strong> <strong>2022.11.28 \u00e9s 2022.12.04 k\u00f6z\u00f6tt<\/strong> \u00e9s az aj\u00e1nd\u00e9kk\u00e1rtya \u00e9rt\u00e9k\u00e9hez <strong>+15%-ot<\/strong> az \u00e9rv\u00e9nyess\u00e9g\u00e9hez tov\u00e1bbi <strong>+45 napot<\/strong> adunk!<\/p>\n<p>&nbsp;<\/p>\n<h2>Hogy tudsz r\u00e9sz venni!<\/h2>\n<p>1. Kattints a &#8220;v\u00e1s\u00e1rolj most&#8221; men\u00fcpontra<\/p>\n<p>2. V\u00e1laszd ki a kar\u00e1csonyi utalv\u00e1nyt<\/p>\n<p>3. T\u00f6ltsd ki a nyomtatv\u00e1nyt<\/p>\n<p>4. Add meg az utalv\u00e1ny \u00e9rt\u00e9k\u00e9t (min.:7000HUF max. 70.000HUF)<\/p>\n<p>5. Fizesd ki online<\/p>\n<p>6. \u00c9s p\u00e1r percen bel\u00fcl e-mail-ben megkapod utalv\u00e1nyod<\/p>\n<p>7. \u00c9rv\u00e9nyess\u00e9gi id\u0151n bel\u00fcl haszn\u00e1ld fel utalv\u00e1nyod. Az akci\u00f3s kar\u00e1csonyi aj\u00e1nd\u00e9kk\u00e1rty\u00e1k \u00e9rv\u00e9nyess\u00e9ge 12.25-\u00e9n kezd\u0151dik!<\/p>\n<p>&nbsp;<\/p>\n<p><a href=\"https:\/\/questhunter.hu\/kelet\/purchase-gift-card\/\"><img decoding=\"async\" class=\"size-full wp-image-3120 alignleft\" src=\"https:\/\/questhunter.hu\/wp-content\/uploads\/sites\/4\/2019\/11\/knopka_hu.jpg\" alt=\"\" width=\"256\" height=\"43\" \/><\/a><\/p>\n<p>&nbsp;<\/p>","protected":false},"excerpt":{"rendered":"<p>Black Friday? Felejtsd el, ez a m\u00falt! QuestHunter\u00a0nagyszer\u0171\u00a0lehet\u0151s\u00e9get\u00a0k\u00edn\u00e1l egy h\u00e9ten \u00e1t\u00a0kar\u00e1csonyi\u00a0aj\u00e1nd\u00e9kk\u00e9nt gyermekeidnek, bar\u00e1taidnak. Black Week! Mit kapsz!? V\u00e1s\u00e1rolj egy QuestHunter kar\u00e1csonyi aj\u00e1nd\u00e9kutalv\u00e1nyt 2022.11.28 \u00e9s 2022.12.04 k\u00f6z\u00f6tt \u00e9s az aj\u00e1nd\u00e9kk\u00e1rtya \u00e9rt\u00e9k\u00e9hez +15%-ot az \u00e9rv\u00e9nyess\u00e9g\u00e9hez tov\u00e1bbi +45 napot adunk! &nbsp; Hogy tudsz r\u00e9sz venni! 1. Kattints a &#8220;v\u00e1s\u00e1rolj most&#8221; men\u00fcpontra 2. V\u00e1laszd ki a kar\u00e1csonyi utalv\u00e1nyt 3. [&hellip;]<\/p>\n","protected":false},"author":50,"featured_media":0,"parent":266,"menu_order":0,"comment_status":"closed","ping_status":"closed","template":"","meta":{"footnotes":""},"class_list":["post-2925","page","type-page","status-publish","hentry"],"_links":{"self":[{"href":"https:\/\/questhunter.hu\/kelet\/wp-json\/wp\/v2\/pages\/2925","targetHints":{"allow":["GET"]}}],"collection":[{"href":"https:\/\/questhunter.hu\/kelet\/wp-json\/wp\/v2\/pages"}],"about":[{"href":"https:\/\/questhunter.hu\/kelet\/wp-json\/wp\/v2\/types\/page"}],"author":[{"embeddable":true,"href":"https:\/\/questhunter.hu\/kelet\/wp-json\/wp\/v2\/users\/50"}],"replies":[{"embeddable":true,"href":"https:\/\/questhunter.hu\/kelet\/wp-json\/wp\/v2\/comments?post=2925"}],"version-history":[{"count":3,"href":"https:\/\/questhunter.hu\/kelet\/wp-json\/wp\/v2\/pages\/2925\/revisions"}],"predecessor-version":[{"id":2928,"href":"https:\/\/questhunter.hu\/kelet\/wp-json\/wp\/v2\/pages\/2925\/revisions\/2928"}],"up":[{"embeddable":true,"href":"https:\/\/questhunter.hu\/kelet\/wp-json\/wp\/v2\/pages\/266"}],"wp:attachment":[{"href":"https:\/\/questhunter.hu\/kelet\/wp-json\/wp\/v2\/media?parent=2925"}],"curies":[{"name":"wp","href":"https:\/\/api.w.org\/{rel}","templated":true}]}}