{"id":2762,"date":"2021-11-18T23:27:27","date_gmt":"2021-11-18T22:27:27","guid":{"rendered":"https:\/\/questhunter.hu\/kelet\/?page_id=2762"},"modified":"2022-12-05T13:36:34","modified_gmt":"2022-12-05T12:36:34","slug":"purchase-gift-card","status":"publish","type":"page","link":"https:\/\/questhunter.hu\/kelet\/purchase-gift-card\/","title":{"rendered":"Aj\u00e1nd\u00e9kutalv\u00e1ny v\u00e1s\u00e1rl\u00e1s"},"content":{"rendered":"<p>K\u00e9rem v\u00e1lassza ki az aj\u00e1nd\u00e9kutalv\u00e1ny form\u00e1j\u00e1t majd t\u00f6ltse ki az \u0171rlapot \u00e9s utalja el r\u00e9sz\u00fcnkre az \u00f6sszeget.<\/p>\n<p>A be\u00e9rkez\u00e9st k\u00f6vet\u0151en azonnal tov\u00e1bb\u00edtjuk\u00a0\u00d6nnek az aj\u00e1nd\u00e9kutalv\u00e1nyt\u00a0 a megadott\u00a0email c\u00edmre\u00a0PDF\u00a0form\u00e1tumban<\/p>","protected":false},"excerpt":{"rendered":"<p>K\u00e9rem v\u00e1lassza ki az aj\u00e1nd\u00e9kutalv\u00e1ny form\u00e1j\u00e1t majd t\u00f6ltse ki az \u0171rlapot \u00e9s utalja el r\u00e9sz\u00fcnkre az \u00f6sszeget. A be\u00e9rkez\u00e9st k\u00f6vet\u0151en azonnal tov\u00e1bb\u00edtjuk\u00a0\u00d6nnek az aj\u00e1nd\u00e9kutalv\u00e1nyt\u00a0 a megadott\u00a0email c\u00edmre\u00a0PDF\u00a0form\u00e1tumban<\/p>\n","protected":false},"author":50,"featured_media":0,"parent":0,"menu_order":0,"comment_status":"closed","ping_status":"closed","template":"template-purchase-certificate.php","meta":{"footnotes":""},"class_list":["post-2762","page","type-page","status-publish","hentry"],"_links":{"self":[{"href":"https:\/\/questhunter.hu\/kelet\/wp-json\/wp\/v2\/pages\/2762","targetHints":{"allow":["GET"]}}],"collection":[{"href":"https:\/\/questhunter.hu\/kelet\/wp-json\/wp\/v2\/pages"}],"about":[{"href":"https:\/\/questhunter.hu\/kelet\/wp-json\/wp\/v2\/types\/page"}],"author":[{"embeddable":true,"href":"https:\/\/questhunter.hu\/kelet\/wp-json\/wp\/v2\/users\/50"}],"replies":[{"embeddable":true,"href":"https:\/\/questhunter.hu\/kelet\/wp-json\/wp\/v2\/comments?post=2762"}],"version-history":[{"count":9,"href":"https:\/\/questhunter.hu\/kelet\/wp-json\/wp\/v2\/pages\/2762\/revisions"}],"predecessor-version":[{"id":2934,"href":"https:\/\/questhunter.hu\/kelet\/wp-json\/wp\/v2\/pages\/2762\/revisions\/2934"}],"wp:attachment":[{"href":"https:\/\/questhunter.hu\/kelet\/wp-json\/wp\/v2\/media?parent=2762"}],"curies":[{"name":"wp","href":"https:\/\/api.w.org\/{rel}","templated":true}]}}