{"id":26,"date":"2015-02-10T19:49:37","date_gmt":"2015-02-10T15:49:37","guid":{"rendered":"http:\/\/www.questhunter.hu\/?page_id=26"},"modified":"2021-11-13T16:48:02","modified_gmt":"2021-11-13T15:48:02","slug":"collaboration","status":"publish","type":"page","link":"https:\/\/questhunter.hu\/kelet\/collaboration\/","title":{"rendered":"Egy\u00fcttm\u0171k\u00f6d\u00e9s"},"content":{"rendered":"<p>If you have any questions about collaboration please email us to <strong>support-kelet@questhunter.hu<\/strong> or call us.<\/p>\n<p>You could visit our <a href=\"https:\/\/www.facebook.com\/questhunterbud\/\" target=\"_blank\" rel=\"noopener noreferrer\">Facebook page<\/a> as well.<\/p>\n<h2><a title=\"\u00d6sszes szabadul\u00f3szob\u00e1ja\" href=\"\/kelet\/all-escape-rooms\/\">Go to the selection of escape rooms&#8230;<\/a><\/h2>\n<p><\/p>","protected":false},"excerpt":{"rendered":"<p>If you have any questions about collaboration please email us to support-kelet@questhunter.hu or call us. You could visit our Facebook page as well. Go to the selection of escape rooms&#8230;<\/p>\n","protected":false},"author":50,"featured_media":0,"parent":0,"menu_order":12,"comment_status":"open","ping_status":"open","template":"","meta":{"footnotes":""},"_links":{"self":[{"href":"https:\/\/questhunter.hu\/kelet\/wp-json\/wp\/v2\/pages\/26"}],"collection":[{"href":"https:\/\/questhunter.hu\/kelet\/wp-json\/wp\/v2\/pages"}],"about":[{"href":"https:\/\/questhunter.hu\/kelet\/wp-json\/wp\/v2\/types\/page"}],"author":[{"embeddable":true,"href":"https:\/\/questhunter.hu\/kelet\/wp-json\/wp\/v2\/users\/50"}],"replies":[{"embeddable":true,"href":"https:\/\/questhunter.hu\/kelet\/wp-json\/wp\/v2\/comments?post=26"}],"version-history":[{"count":3,"href":"https:\/\/questhunter.hu\/kelet\/wp-json\/wp\/v2\/pages\/26\/revisions"}],"predecessor-version":[{"id":2684,"href":"https:\/\/questhunter.hu\/kelet\/wp-json\/wp\/v2\/pages\/26\/revisions\/2684"}],"wp:attachment":[{"href":"https:\/\/questhunter.hu\/kelet\/wp-json\/wp\/v2\/media?parent=26"}],"curies":[{"name":"wp","href":"https:\/\/api.w.org\/{rel}","templated":true}]}}