{"id":20,"date":"2015-02-10T18:34:15","date_gmt":"2015-02-10T14:34:15","guid":{"rendered":"http:\/\/www.questhunter.hu\/?page_id=20"},"modified":"2021-11-13T16:34:42","modified_gmt":"2021-11-13T15:34:42","slug":"about-the-project","status":"publish","type":"page","link":"https:\/\/questhunter.hu\/kelet\/about-the-project\/","title":{"rendered":"About this project"},"content":{"rendered":"<p>Szereted a szabadul\u00f3szob\u00e1t? Mi \u2013 nagyon!<\/p>\n<p>Ez\u00e9rt n\u00e1lunk <a href=\"https:\/\/questhunter.hu\/all-escape-rooms-of-budapest\/\">Budapest valamennyi szabadul\u00f3szob\u00e1j\u00e1t<\/a> kiv\u00e1laszthatod \u00e9s lefoglalhatod.<\/p>\n<p>\u00c1remel\u00e9s n\u00e9lk\u00fcl \u2013 seg\u00edt\u00fcnk kiv\u00e1lasztani a nektek legmegfelel\u0151bb szabadul\u00f3 szob\u00e1t.<\/p>\n<p>Csatlakozz hozz\u00e1nk, iratkozz fel az \u00fajdons\u00e1gokra \u00e9s legy\u00e9l az els\u0151k k\u00f6z\u00f6tt, aki tudom\u00e1st szerez a \u00faj szob\u00e1kr\u00f3l!<\/p>","protected":false},"excerpt":{"rendered":"<p>Szereted a szabadul\u00f3szob\u00e1t? Mi \u2013 nagyon! Ez\u00e9rt n\u00e1lunk Budapest valamennyi szabadul\u00f3szob\u00e1j\u00e1t kiv\u00e1laszthatod \u00e9s lefoglalhatod. \u00c1remel\u00e9s n\u00e9lk\u00fcl \u2013 seg\u00edt\u00fcnk kiv\u00e1lasztani a nektek legmegfelel\u0151bb szabadul\u00f3 szob\u00e1t. Csatlakozz hozz\u00e1nk, iratkozz fel az \u00fajdons\u00e1gokra \u00e9s legy\u00e9l az els\u0151k k\u00f6z\u00f6tt, aki tudom\u00e1st szerez a \u00faj szob\u00e1kr\u00f3l!<\/p>\n","protected":false},"author":50,"featured_media":0,"parent":0,"menu_order":14,"comment_status":"open","ping_status":"open","template":"","meta":{"footnotes":""},"_links":{"self":[{"href":"https:\/\/questhunter.hu\/kelet\/wp-json\/wp\/v2\/pages\/20"}],"collection":[{"href":"https:\/\/questhunter.hu\/kelet\/wp-json\/wp\/v2\/pages"}],"about":[{"href":"https:\/\/questhunter.hu\/kelet\/wp-json\/wp\/v2\/types\/page"}],"author":[{"embeddable":true,"href":"https:\/\/questhunter.hu\/kelet\/wp-json\/wp\/v2\/users\/50"}],"replies":[{"embeddable":true,"href":"https:\/\/questhunter.hu\/kelet\/wp-json\/wp\/v2\/comments?post=20"}],"version-history":[{"count":1,"href":"https:\/\/questhunter.hu\/kelet\/wp-json\/wp\/v2\/pages\/20\/revisions"}],"predecessor-version":[{"id":2403,"href":"https:\/\/questhunter.hu\/kelet\/wp-json\/wp\/v2\/pages\/20\/revisions\/2403"}],"wp:attachment":[{"href":"https:\/\/questhunter.hu\/kelet\/wp-json\/wp\/v2\/media?parent=20"}],"curies":[{"name":"wp","href":"https:\/\/api.w.org\/{rel}","templated":true}]}}