{"id":3357,"date":"2020-02-04T13:43:05","date_gmt":"2020-02-04T12:43:05","guid":{"rendered":"https:\/\/questhunter.hu\/?page_id=3357"},"modified":"2023-09-30T17:15:47","modified_gmt":"2023-09-30T15:15:47","slug":"a-szabaduloszobak-szerelmeseinek","status":"publish","type":"page","link":"https:\/\/questhunter.hu\/en\/gift-card\/a-szabaduloszobak-szerelmeseinek\/","title":{"rendered":"A Szabadul\u00f3szob\u00e1k szerelmeseinek!"},"content":{"rendered":"<p class=\"qtranxs-available-languages-message qtranxs-available-languages-message-en\">Sorry, this entry is only available in <a href=\"https:\/\/questhunter.hu\/hu\/wp-json\/wp\/v2\/pages\/3357\" class=\"qtranxs-available-language-link qtranxs-available-language-link-hu\" title=\"Magyar\">Magyar<\/a>. For the sake of viewer convenience, the content is shown below in the alternative language. You may click the link to switch the active language.<\/p><p><\/p>\n<p style=\"text-align: left;\">K\u00e9szen \u00e1llsz hogy kimond kedvesednek mit \u00e9rzel? Remek, de mi van a meglepet\u00e9ssel? Itt a legjobb lehet\u0151s\u00e9g mert most <strong>+14%<\/strong>-ot kapsz minden Questhunter Valentin napi\u00a0 aj\u00e1nd\u00e9kutalv\u00e1nyhoz. Az aj\u00e1nlat <strong>2020.02.05. \u00e9s 2020.02.10.<\/strong> k\u00f6z\u00f6tt el\u00e9rhet\u0151.<\/p>\n<p style=\"text-align: left;\">Hogyan vehetsz r\u00e9szt?<br \/>\n1. Kattints a \u00abMEGSZERZEM +14 %\u00bb \u00a0 gombra<\/p>\n<p style=\"text-align: left;\">2. V\u00e1laszd ki a Valentin napi utalv\u00e1nyt<\/p>\n<p style=\"text-align: left;\">3. T\u00f6ltsd ki az \u0171rlapot<\/p>\n<p style=\"text-align: left;\">4.\u00a0Add meg az utalv\u00e1ny \u00e9rt\u00e9k\u00e9t(min.:7000HUF max. 70.000HUF)<\/p>\n<p style=\"text-align: left;\">5. Fizesd ki online<\/p>\n<p style=\"text-align: left;\">6.\u00a0\u00c9s p\u00e1r percen bel\u00fcl e-mail-ben megkapod utalv\u00e1nyod\u00a0 majd 24 \u00f3r\u00e1n bel\u00fcl\u00a0megkapod\u00a0utalv\u00e1nyod\u00a0+14%-al\u00a0n\u00f6velt \u00e9rt\u00e9kben!<\/p>\n<p style=\"text-align: left;\">7.\u00a0\u00c9rv\u00e9nyess\u00e9gi id\u0151n bel\u00fcl\u00a0haszn\u00e1ld fel<\/p>\n<p style=\"text-align: left;\"><a href=\"https:\/\/questhunter.hu\/purchase-gift-card\/\"><img decoding=\"async\" class=\"alignleft wp-image-3355 size-full\" src=\"https:\/\/questhunter.hu\/wp-content\/uploads\/sites\/4\/2020\/02\/knopka_SVD-MEGSZERZEM-14-.jpg\" alt=\"\" width=\"256\" height=\"43\" srcset=\"https:\/\/questhunter.hu\/wp-content\/uploads\/sites\/4\/2020\/02\/knopka_SVD-MEGSZERZEM-14-.jpg 256w, https:\/\/questhunter.hu\/wp-content\/uploads\/sites\/4\/2020\/02\/knopka_SVD-MEGSZERZEM-14--250x42.jpg 250w, https:\/\/questhunter.hu\/wp-content\/uploads\/sites\/4\/2020\/02\/knopka_SVD-MEGSZERZEM-14--194x33.jpg 194w\" sizes=\"(max-width: 256px) 100vw, 256px\" \/><\/a><\/p>\n<p><\/p>","protected":false},"excerpt":{"rendered":"<p>Sorry, this entry is only available in Magyar. For the sake of viewer convenience, the content is shown below in the alternative language. You may click the link to switch the active language. K\u00e9szen \u00e1llsz hogy kimond kedvesednek mit \u00e9rzel? Remek, de mi van a meglepet\u00e9ssel? Itt a legjobb lehet\u0151s\u00e9g mert most +14%-ot kapsz minden [&hellip;]<\/p>\n","protected":false},"author":29058,"featured_media":0,"parent":266,"menu_order":0,"comment_status":"closed","ping_status":"closed","template":"","meta":{"footnotes":""},"class_list":["post-3357","page","type-page","status-publish","hentry"],"_links":{"self":[{"href":"https:\/\/questhunter.hu\/en\/wp-json\/wp\/v2\/pages\/3357","targetHints":{"allow":["GET"]}}],"collection":[{"href":"https:\/\/questhunter.hu\/en\/wp-json\/wp\/v2\/pages"}],"about":[{"href":"https:\/\/questhunter.hu\/en\/wp-json\/wp\/v2\/types\/page"}],"author":[{"embeddable":true,"href":"https:\/\/questhunter.hu\/en\/wp-json\/wp\/v2\/users\/29058"}],"replies":[{"embeddable":true,"href":"https:\/\/questhunter.hu\/en\/wp-json\/wp\/v2\/comments?post=3357"}],"version-history":[{"count":0,"href":"https:\/\/questhunter.hu\/en\/wp-json\/wp\/v2\/pages\/3357\/revisions"}],"up":[{"embeddable":true,"href":"https:\/\/questhunter.hu\/en\/wp-json\/wp\/v2\/pages\/266"}],"wp:attachment":[{"href":"https:\/\/questhunter.hu\/en\/wp-json\/wp\/v2\/media?parent=3357"}],"curies":[{"name":"wp","href":"https:\/\/api.w.org\/{rel}","templated":true}]}}