{"id":5,"date":"2015-02-10T12:29:48","date_gmt":"2015-02-10T12:29:48","guid":{"rendered":"http:\/\/www.questhunter.hu\/?page_id=5"},"modified":"2025-07-08T07:56:16","modified_gmt":"2025-07-08T09:56:16","slug":"all-escape-rooms-of-balaton","status":"publish","type":"page","link":"https:\/\/questhunter.hu\/balaton\/all-escape-rooms-of-balaton\/","title":{"rendered":"\u00d6sszes szabadul\u00f3szob\u00e1ja"},"content":{"rendered":"<p>Az eg\u00e9sz vil\u00e1gon (<span class=\"tlid-translation translation\" lang=\"hu\"><span class=\"\" title=\"\">\u00e9s k\u00fcl\u00f6n\u00f6sen Balaton k\u00f6zel\u00e9ben<\/span><\/span>) nagyon gyorsan n\u00e9pszer\u0171v\u00e9 v\u00e1lt j\u00e1t\u00e9kfajta, mely sz\u00e1m\u00edt\u00f3g\u00e9pes j\u00e1t\u00e9kokon alapszik, de \u00e9l\u0151 form\u00e1ban van megval\u00f3s\u00edtva.<\/p>\n<p>A szabadul\u00f3szob\u00e1s j\u00e1t\u00e9kok c\u00e9lja \u00e1ltal\u00e1ban az, hogy 1 \u00f3r\u00e1n bel\u00fcl kiszabaduljunk egy bez\u00e1rt helyis\u00e9gb\u0151l, mik\u00f6zben nagyon sok k\u00fcl\u00f6nf\u00e9le fejt\u00f6r\u0151 rejtv\u00e9nyt kell megfejten\u00fcnk. A feladatok \u00e9s a j\u00e1t\u00e9k k\u00f6r\u00fclm\u00e9nyei nagyon k\u00fcl\u00f6nb\u00f6z\u0151ek lehetnek szob\u00e1nk\u00e9nt \u2013 ez csak az alkot\u00f3k kreativit\u00e1s\u00e1n m\u00falik.<\/p>\n<p>A j\u00e1t\u00e9k r\u00e9sztvev\u0151inek sz\u00e1ma elt\u00e9r\u0151 lehet, rendszerint 2 \u2013 8 f\u0151.<\/p>","protected":false},"excerpt":{"rendered":"<p>Az eg\u00e9sz vil\u00e1gon (\u00e9s k\u00fcl\u00f6n\u00f6sen Balaton k\u00f6zel\u00e9ben) nagyon gyorsan n\u00e9pszer\u0171v\u00e9 v\u00e1lt j\u00e1t\u00e9kfajta, mely sz\u00e1m\u00edt\u00f3g\u00e9pes j\u00e1t\u00e9kokon alapszik, de \u00e9l\u0151 form\u00e1ban van megval\u00f3s\u00edtva. A szabadul\u00f3szob\u00e1s j\u00e1t\u00e9kok c\u00e9lja \u00e1ltal\u00e1ban az, hogy 1 \u00f3r\u00e1n bel\u00fcl kiszabaduljunk egy bez\u00e1rt helyis\u00e9gb\u0151l, mik\u00f6zben nagyon sok k\u00fcl\u00f6nf\u00e9le fejt\u00f6r\u0151 rejtv\u00e9nyt kell megfejten\u00fcnk. A feladatok \u00e9s a j\u00e1t\u00e9k k\u00f6r\u00fclm\u00e9nyei nagyon k\u00fcl\u00f6nb\u00f6z\u0151ek lehetnek szob\u00e1nk\u00e9nt \u2013 ez [&hellip;]<\/p>\n","protected":false},"author":50,"featured_media":0,"parent":0,"menu_order":15,"comment_status":"open","ping_status":"open","template":"template-all-quests.php","meta":{"footnotes":""},"_links":{"self":[{"href":"https:\/\/questhunter.hu\/balaton\/wp-json\/wp\/v2\/pages\/5"}],"collection":[{"href":"https:\/\/questhunter.hu\/balaton\/wp-json\/wp\/v2\/pages"}],"about":[{"href":"https:\/\/questhunter.hu\/balaton\/wp-json\/wp\/v2\/types\/page"}],"author":[{"embeddable":true,"href":"https:\/\/questhunter.hu\/balaton\/wp-json\/wp\/v2\/users\/50"}],"replies":[{"embeddable":true,"href":"https:\/\/questhunter.hu\/balaton\/wp-json\/wp\/v2\/comments?post=5"}],"version-history":[{"count":3,"href":"https:\/\/questhunter.hu\/balaton\/wp-json\/wp\/v2\/pages\/5\/revisions"}],"predecessor-version":[{"id":3029,"href":"https:\/\/questhunter.hu\/balaton\/wp-json\/wp\/v2\/pages\/5\/revisions\/3029"}],"wp:attachment":[{"href":"https:\/\/questhunter.hu\/balaton\/wp-json\/wp\/v2\/media?parent=5"}],"curies":[{"name":"wp","href":"https:\/\/api.w.org\/{rel}","templated":true}]}}