{"id":3119,"date":"2019-11-26T20:41:59","date_gmt":"2019-11-26T19:41:59","guid":{"rendered":"https:\/\/questhunter.hu\/balaton\/?page_id=3119"},"modified":"2023-10-03T01:13:46","modified_gmt":"2023-10-02T23:13:46","slug":"black-week","status":"publish","type":"page","link":"https:\/\/questhunter.hu\/balaton\/en\/gift-card\/black-week\/","title":{"rendered":"Black Week"},"content":{"rendered":"<p class=\"qtranxs-available-languages-message qtranxs-available-languages-message-en\">Sorry, this entry is only available in <a href=\"https:\/\/questhunter.hu\/balaton\/hu\/wp-json\/wp\/v2\/pages\/3119\/\" class=\"qtranxs-available-language-link qtranxs-available-language-link-hu\" title=\"Magyar\">Magyar<\/a>. For the sake of viewer convenience, the content is shown below in the alternative language. You may click the link to switch the active language.<\/p><p><\/p>\n<p style=\"text-align: left;\">Black Friday? Felejtsd el, ez a m\u00falt! QuestHunter\u00a0nagyszer\u0171\u00a0lehet\u0151s\u00e9get\u00a0k\u00edn\u00e1l egy h\u00e9ten \u00e1t\u00a0kar\u00e1csonyi\u00a0aj\u00e1nd\u00e9kk\u00e9nt gyermekeidnek, bar\u00e1taidnak. Black Week!<\/p>\n<p style=\"text-align: left;\"><strong>Mit kapsz!?<\/strong><\/p>\n<p style=\"text-align: left;\">V\u00e1s\u00e1rolj egy QuestHunter aj\u00e1nd\u00e9kutalv\u00e1nyt <strong>2019.11.29. \u00e9s 2019.12.06.<\/strong> k\u00f6z\u00f6tt \u00e9s mi <strong>10%<\/strong>-al\u00a0 megnevelj\u00fck a\u00a0 v\u00e1s\u00e1rl\u00e1si\u00a0\u00f6sszegedet! R\u00e1ad\u00e1sul az ezen a h\u00e9ten v\u00e1s\u00e1rolt utalv\u00e1nyok a szok\u00e1sos 3 h\u00f3nap helyett <strong>6 h\u00f3napig \u00e9rv\u00e9nyesek<\/strong>.<\/p>\n<p>&nbsp;<\/p>\n<p style=\"text-align: left;\"><strong>Hogy tudsz r\u00e9sz venni!<\/strong><\/p>\n<p style=\"text-align: left;\">1. Kattints a &#8220;v\u00e1s\u00e1rolj most&#8221; men\u00fcpontra<\/p>\n<p style=\"text-align: left;\">2. V\u00e1laszd ki a kar\u00e1csonyi utalv\u00e1nyt<\/p>\n<p style=\"text-align: left;\">3. T\u00f6ltsd ki a nyomtatv\u00e1nyt<\/p>\n<p style=\"text-align: left;\">4. Add meg az utalv\u00e1ny \u00e9rt\u00e9k\u00e9t(min.:7000HUF max. 70.000HUF)<\/p>\n<p style=\"text-align: left;\">5. Fizesd ki online<\/p>\n<p style=\"text-align: left;\">6. \u00c9s p\u00e1r percen bel\u00fcl e-mail-ben megkapod utalv\u00e1nyod\u00a0 majd 24 \u00f3r\u00e1n bel\u00fcl\u00a0megkapod\u00a0utalv\u00e1nyod\u00a010%-al\u00a0n\u00f6velt \u00e9rt\u00e9kben!<\/p>\n<p style=\"text-align: left;\">7.\u00a0\u00c9rv\u00e9nyess\u00e9gi id\u0151n bel\u00fcl\u00a0haszn\u00e1ld fel\u00a0utalv\u00e1nyod<\/p>\n<p style=\"text-align: left;\"><a href=\"https:\/\/questhunter.hu\/balaton\/purchase-gift-card\/\"><img decoding=\"async\" class=\"size-full wp-image-3122 alignleft\" src=\"https:\/\/questhunter.hu\/wp-content\/uploads\/sites\/30\/2019\/11\/knopka_hu.jpg\" alt=\"\" width=\"256\" height=\"43\" srcset=\"https:\/\/questhunter.hu\/wp-content\/uploads\/sites\/30\/2019\/11\/knopka_hu.jpg 256w, https:\/\/questhunter.hu\/wp-content\/uploads\/sites\/30\/2019\/11\/knopka_hu-250x42.jpg 250w, https:\/\/questhunter.hu\/wp-content\/uploads\/sites\/30\/2019\/11\/knopka_hu-194x33.jpg 194w\" sizes=\"(max-width: 256px) 100vw, 256px\" \/><\/a><\/p>\n<p><\/p>","protected":false},"excerpt":{"rendered":"<p>Sorry, this entry is only available in Magyar. For the sake of viewer convenience, the content is shown below in the alternative language. You may click the link to switch the active language. Black Friday? Felejtsd el, ez a m\u00falt! QuestHunter\u00a0nagyszer\u0171\u00a0lehet\u0151s\u00e9get\u00a0k\u00edn\u00e1l egy h\u00e9ten \u00e1t\u00a0kar\u00e1csonyi\u00a0aj\u00e1nd\u00e9kk\u00e9nt gyermekeidnek, bar\u00e1taidnak. Black Week! Mit kapsz!? V\u00e1s\u00e1rolj egy QuestHunter aj\u00e1nd\u00e9kutalv\u00e1nyt 2019.11.29. [&hellip;]<\/p>\n","protected":false},"author":29058,"featured_media":0,"parent":266,"menu_order":0,"comment_status":"closed","ping_status":"closed","template":"","meta":{"footnotes":""},"class_list":["post-3119","page","type-page","status-publish","hentry"],"_links":{"self":[{"href":"https:\/\/questhunter.hu\/balaton\/en\/wp-json\/wp\/v2\/pages\/3119","targetHints":{"allow":["GET"]}}],"collection":[{"href":"https:\/\/questhunter.hu\/balaton\/en\/wp-json\/wp\/v2\/pages"}],"about":[{"href":"https:\/\/questhunter.hu\/balaton\/en\/wp-json\/wp\/v2\/types\/page"}],"author":[{"embeddable":true,"href":"https:\/\/questhunter.hu\/balaton\/en\/wp-json\/wp\/v2\/users\/29058"}],"replies":[{"embeddable":true,"href":"https:\/\/questhunter.hu\/balaton\/en\/wp-json\/wp\/v2\/comments?post=3119"}],"version-history":[{"count":4,"href":"https:\/\/questhunter.hu\/balaton\/en\/wp-json\/wp\/v2\/pages\/3119\/revisions"}],"predecessor-version":[{"id":3395,"href":"https:\/\/questhunter.hu\/balaton\/en\/wp-json\/wp\/v2\/pages\/3119\/revisions\/3395"}],"up":[{"embeddable":true,"href":"https:\/\/questhunter.hu\/balaton\/en\/wp-json\/wp\/v2\/pages\/266"}],"wp:attachment":[{"href":"https:\/\/questhunter.hu\/balaton\/en\/wp-json\/wp\/v2\/media?parent=3119"}],"curies":[{"name":"wp","href":"https:\/\/api.w.org\/{rel}","templated":true}]}}